{"id":102576,"date":"2023-01-05T18:23:34","date_gmt":"2023-01-05T23:23:34","guid":{"rendered":"https:\/\/staging.continuumfc.ca\/find-an-advisor-fr\/"},"modified":"2023-01-31T12:04:08","modified_gmt":"2023-01-31T17:04:08","slug":"trouver-un-conseiller","status":"publish","type":"page","link":"https:\/\/staging.continuumfc.ca\/fr\/trouver-un-conseiller\/","title":{"rendered":"Trouver un conseiller"},"content":{"rendered":"\t\t<div data-elementor-type=\"wp-post\" data-elementor-id=\"102576\" class=\"elementor elementor-102576 elementor-48\" data-elementor-post-type=\"page\">\n\t\t\t\t\t\t<section class=\"elementor-section elementor-top-section elementor-element elementor-element-dde6609 elementor-section-boxed elementor-section-height-default elementor-section-height-default\" data-id=\"dde6609\" data-element_type=\"section\">\n\t\t\t\t\t\t<div class=\"elementor-container elementor-column-gap-default\">\n\t\t\t\t\t<div class=\"elementor-column elementor-col-100 elementor-top-column elementor-element elementor-element-63705bf\" data-id=\"63705bf\" data-element_type=\"column\">\n\t\t\t<div class=\"elementor-widget-wrap elementor-element-populated\">\n\t\t\t\t\t\t<div class=\"elementor-element elementor-element-d2b59c4 elementor-widget elementor-widget-heading\" data-id=\"d2b59c4\" data-element_type=\"widget\" data-widget_type=\"heading.default\">\n\t\t\t\t<div class=\"elementor-widget-container\">\n\t\t\t<h1 class=\"elementor-heading-title elementor-size-default\">Apprenez \u00e0 nous conna\u00eetre !<\/h1>\t\t<\/div>\n\t\t\t\t<\/div>\n\t\t\t\t\t<\/div>\n\t\t<\/div>\n\t\t\t\t\t<\/div>\n\t\t<\/section>\n\t\t\t\t<section class=\"elementor-section elementor-top-section elementor-element elementor-element-5303a34 elementor-section-boxed elementor-section-height-default elementor-section-height-default\" data-id=\"5303a34\" data-element_type=\"section\">\n\t\t\t\t\t\t<div class=\"elementor-container elementor-column-gap-default\">\n\t\t\t\t\t<div class=\"elementor-column elementor-col-100 elementor-top-column elementor-element elementor-element-8e55ab3\" data-id=\"8e55ab3\" data-element_type=\"column\">\n\t\t\t<div class=\"elementor-widget-wrap elementor-element-populated\">\n\t\t\t\t\t\t<div class=\"elementor-element elementor-element-72454d2 elementor-widget elementor-widget-text-editor\" data-id=\"72454d2\" data-element_type=\"widget\" data-widget_type=\"text-editor.default\">\n\t\t\t\t<div class=\"elementor-widget-container\">\n\t\t\t\t\t\t\t<p>Notre \u00e9quipe a une compr\u00e9hension globale des solutions financi\u00e8res, avec des ann\u00e9es d&rsquo;expertise et d&rsquo;anciennet\u00e9 dans la carri\u00e8re, soutenue par une \u00e9quipe de professionnels dans tous les domaines des services financiers. Continuum est dirig\u00e9e par Arlene McComish, pr\u00e9sidente<\/p>\t\t\t\t\t\t<\/div>\n\t\t\t\t<\/div>\n\t\t\t\t\t<\/div>\n\t\t<\/div>\n\t\t\t\t\t<\/div>\n\t\t<\/section>\n\t\t\t\t<\/div>\n\t\t","protected":false},"excerpt":{"rendered":"<p>Apprenez \u00e0 nous conna\u00eetre ! Notre \u00e9quipe a une compr\u00e9hension globale des solutions financi\u00e8res, avec des ann\u00e9es d&rsquo;expertise et d&rsquo;anciennet\u00e9 dans la carri\u00e8re, soutenue par une \u00e9quipe de professionnels dans tous les domaines des services financiers. Continuum est dirig\u00e9e par Arlene McComish, pr\u00e9sidente<\/p>\n","protected":false},"author":1,"featured_media":0,"parent":0,"menu_order":0,"comment_status":"closed","ping_status":"closed","template":"","meta":{"_acf_changed":false,"footnotes":""},"class_list":["post-102576","page","type-page","status-publish","hentry"],"acf":[],"_links":{"self":[{"href":"https:\/\/staging.continuumfc.ca\/fr\/wp-json\/wp\/v2\/pages\/102576","targetHints":{"allow":["GET"]}}],"collection":[{"href":"https:\/\/staging.continuumfc.ca\/fr\/wp-json\/wp\/v2\/pages"}],"about":[{"href":"https:\/\/staging.continuumfc.ca\/fr\/wp-json\/wp\/v2\/types\/page"}],"author":[{"embeddable":true,"href":"https:\/\/staging.continuumfc.ca\/fr\/wp-json\/wp\/v2\/users\/1"}],"replies":[{"embeddable":true,"href":"https:\/\/staging.continuumfc.ca\/fr\/wp-json\/wp\/v2\/comments?post=102576"}],"version-history":[{"count":0,"href":"https:\/\/staging.continuumfc.ca\/fr\/wp-json\/wp\/v2\/pages\/102576\/revisions"}],"wp:attachment":[{"href":"https:\/\/staging.continuumfc.ca\/fr\/wp-json\/wp\/v2\/media?parent=102576"}],"curies":[{"name":"wp","href":"https:\/\/api.w.org\/{rel}","templated":true}]}}