{"id":102587,"date":"2023-01-05T18:41:41","date_gmt":"2023-01-05T23:41:41","guid":{"rendered":"https:\/\/staging.continuumfc.ca\/informations-generales\/"},"modified":"2023-02-02T13:23:04","modified_gmt":"2023-02-02T18:23:04","slug":"informations-generales","status":"publish","type":"page","link":"https:\/\/staging.continuumfc.ca\/fr\/informations-generales\/","title":{"rendered":"Informations g\u00e9n\u00e9rales"},"content":{"rendered":"\t\t<div data-elementor-type=\"wp-post\" data-elementor-id=\"102587\" class=\"elementor elementor-102587 elementor-50\" data-elementor-post-type=\"page\">\n\t\t\t\t\t\t<section class=\"elementor-section elementor-top-section elementor-element elementor-element-483a77d elementor-section-boxed elementor-section-height-default elementor-section-height-default\" data-id=\"483a77d\" data-element_type=\"section\">\n\t\t\t\t\t\t<div class=\"elementor-container elementor-column-gap-default\">\n\t\t\t\t\t<div class=\"elementor-column elementor-col-100 elementor-top-column elementor-element elementor-element-2abe3e4\" data-id=\"2abe3e4\" data-element_type=\"column\">\n\t\t\t<div class=\"elementor-widget-wrap elementor-element-populated\">\n\t\t\t\t\t\t<div class=\"elementor-element elementor-element-7d62561 elementor-widget elementor-widget-heading\" data-id=\"7d62561\" data-element_type=\"widget\" data-widget_type=\"heading.default\">\n\t\t\t\t<div class=\"elementor-widget-container\">\n\t\t\t<h1 class=\"elementor-heading-title elementor-size-default\">Informations g\u00e9n\u00e9rales<\/h1>\t\t<\/div>\n\t\t\t\t<\/div>\n\t\t\t\t<div class=\"elementor-element elementor-element-ee3ddea elementor-widget elementor-widget-spacer\" data-id=\"ee3ddea\" data-element_type=\"widget\" data-widget_type=\"spacer.default\">\n\t\t\t\t<div class=\"elementor-widget-container\">\n\t\t\t\t\t<div class=\"elementor-spacer\">\n\t\t\t<div class=\"elementor-spacer-inner\"><\/div>\n\t\t<\/div>\n\t\t\t\t<\/div>\n\t\t\t\t<\/div>\n\t\t\t\t<div class=\"elementor-element elementor-element-5ab5f92 elementor-widget elementor-widget-heading\" data-id=\"5ab5f92\" data-element_type=\"widget\" data-widget_type=\"heading.default\">\n\t\t\t\t<div class=\"elementor-widget-container\">\n\t\t\t<h2 class=\"elementor-heading-title elementor-size-default\">Centres Financiers Continuum<\/h2>\t\t<\/div>\n\t\t\t\t<\/div>\n\t\t\t\t\t<\/div>\n\t\t<\/div>\n\t\t\t\t\t<\/div>\n\t\t<\/section>\n\t\t\t\t<section class=\"elementor-section elementor-top-section elementor-element elementor-element-5889db7 elementor-section-boxed elementor-section-height-default elementor-section-height-default\" data-id=\"5889db7\" data-element_type=\"section\">\n\t\t\t\t\t\t<div class=\"elementor-container elementor-column-gap-default\">\n\t\t\t\t\t<div class=\"elementor-column elementor-col-100 elementor-top-column elementor-element elementor-element-cd4382d\" data-id=\"cd4382d\" data-element_type=\"column\">\n\t\t\t<div class=\"elementor-widget-wrap elementor-element-populated\">\n\t\t\t\t\t\t<div class=\"elementor-element elementor-element-18050ec elementor-widget elementor-widget-text-editor\" data-id=\"18050ec\" data-element_type=\"widget\" data-widget_type=\"text-editor.default\">\n\t\t\t\t<div class=\"elementor-widget-container\">\n\t\t\t\t\t\t\t<p style=\"text-align: center;\"><strong>Si\u00e8ge social national<\/strong><\/p>\n<p style=\"text-align: center;\">Sans frais : 1.877.278.3837<\/p>\n<p style=\"text-align: center;\">Veuillez nous envoyer un courriel \u00e0 : <a href=\"mailto:info@cfcontinuum.ca\">info@cfcontinuum.ca<\/a><\/p>\n<p style=\"text-align: center;\">T\u00e9l\u00e9copieur : 613.366.2170<\/p>\n<p style=\"text-align: center;\">4210, rue King Est, bureau 101<br \/>Kitchener, ON N2P 2G5<\/p>\n\t\t\t\t\t\t<\/div>\n\t\t\t\t<\/div>\n\t\t\t\t\t<\/div>\n\t\t<\/div>\n\t\t\t\t\t<\/div>\n\t\t<\/section>\n\t\t\t\t<section class=\"elementor-section elementor-top-section elementor-element elementor-element-9f0c362 elementor-section-boxed elementor-section-height-default elementor-section-height-default\" data-id=\"9f0c362\" data-element_type=\"section\">\n\t\t\t\t\t\t<div class=\"elementor-container elementor-column-gap-default\">\n\t\t\t\t\t<div class=\"elementor-column elementor-col-100 elementor-top-column elementor-element elementor-element-4d7f8cf\" data-id=\"4d7f8cf\" data-element_type=\"column\">\n\t\t\t<div class=\"elementor-widget-wrap elementor-element-populated\">\n\t\t\t\t\t\t<div class=\"elementor-element elementor-element-d90d4db elementor-widget elementor-widget-text-editor\" data-id=\"d90d4db\" data-element_type=\"widget\" data-widget_type=\"text-editor.default\">\n\t\t\t\t<div class=\"elementor-widget-container\">\n\t\t\t\t\t\t\t<p style=\"text-align: center;\"><em>Services Financiers Continuum est une filiale de la <a href=\"https:\/\/www.financialhorizons.com\">Financi\u00e8re Horizons.<\/a><\/em><\/p>\n\t\t\t\t\t\t<\/div>\n\t\t\t\t<\/div>\n\t\t\t\t\t<\/div>\n\t\t<\/div>\n\t\t\t\t\t<\/div>\n\t\t<\/section>\n\t\t\t\t<\/div>\n\t\t","protected":false},"excerpt":{"rendered":"<p>Informations g\u00e9n\u00e9rales Centres Financiers Continuum Si\u00e8ge social national Sans frais : 1.877.278.3837 Veuillez nous envoyer un courriel \u00e0 : info@cfcontinuum.ca T\u00e9l\u00e9copieur : 613.366.2170 4210, rue King Est, bureau 101Kitchener, ON N2P 2G5 Services Financiers Continuum est une filiale de la Financi\u00e8re Horizons.<\/p>\n","protected":false},"author":1,"featured_media":0,"parent":0,"menu_order":0,"comment_status":"closed","ping_status":"closed","template":"","meta":{"_acf_changed":false,"footnotes":""},"class_list":["post-102587","page","type-page","status-publish","hentry"],"acf":[],"_links":{"self":[{"href":"https:\/\/staging.continuumfc.ca\/fr\/wp-json\/wp\/v2\/pages\/102587","targetHints":{"allow":["GET"]}}],"collection":[{"href":"https:\/\/staging.continuumfc.ca\/fr\/wp-json\/wp\/v2\/pages"}],"about":[{"href":"https:\/\/staging.continuumfc.ca\/fr\/wp-json\/wp\/v2\/types\/page"}],"author":[{"embeddable":true,"href":"https:\/\/staging.continuumfc.ca\/fr\/wp-json\/wp\/v2\/users\/1"}],"replies":[{"embeddable":true,"href":"https:\/\/staging.continuumfc.ca\/fr\/wp-json\/wp\/v2\/comments?post=102587"}],"version-history":[{"count":0,"href":"https:\/\/staging.continuumfc.ca\/fr\/wp-json\/wp\/v2\/pages\/102587\/revisions"}],"wp:attachment":[{"href":"https:\/\/staging.continuumfc.ca\/fr\/wp-json\/wp\/v2\/media?parent=102587"}],"curies":[{"name":"wp","href":"https:\/\/api.w.org\/{rel}","templated":true}]}}